{"id":7291,"date":"2017-10-26T11:02:59","date_gmt":"2017-10-26T09:02:59","guid":{"rendered":"http:\/\/kertvellesy.hu\/?page_id=7291"},"modified":"2018-07-27T09:28:15","modified_gmt":"2018-07-27T07:28:15","slug":"contact","status":"publish","type":"page","link":"https:\/\/kertvellesy.hu\/en\/contact\/","title":{"rendered":"contact"},"content":{"rendered":"<a class=\"fd\" href=\"https:\/\/allcaredentaloffice.com\/windows-movie-maker-downloaden-free\/\">windows movie maker download free<\/a> <p>[vc_row content_width=&#8221;grid&#8221; content_aligment=&#8221;center&#8221; css=&#8221;.vc_custom_1492510949974{padding-top: 40px !important;padding-bottom: 40px !important;}&#8221;][vc_column][vc_column_text]<\/p>\n<h2>contact<\/h2>\n<p>[\/vc_column_text][vc_empty_space height=&#8221;15px&#8221;]\n<p class=\"edgtf-section-subtitle vc_custom_1509008501319\" style=\"text-align:center\">\n\tContact us, we are happy to help<\/p>[vc_single_image image=&#8221;7005&#8243; img_size=&#8221;75&#215;33&#8243; alignment=&#8221;center&#8221;][\/vc_column][\/vc_row][vc_row content_width=&#8221;grid&#8221; css=&#8221;.vc_custom_1495444436671{padding-top: 40px !important;padding-bottom: 80px !important;}&#8221;][vc_column width=&#8221;1\/3&#8243;]<div class=\"edgtf-google-map-holder\">\n\t<div class=\"edgtf-google-map\" id=\"edgtf-map-547228\" data-addresses='[\"7622 P\u00e9cs, Sikl\u00f3si \u00fat 2.\"]' data-custom-map-style=false data-color-overlay=#393939 data-saturation=-100 data-lightness=-60 data-zoom=17 data-pin=https:\/\/kertvellesy.hu\/wp-content\/themes\/ratio\/assets\/img\/pin.png data-unique-id=547228 data-scroll-wheel=false data-height=425><\/div>\n\t\t\t<div class=\"edgtf-google-map-overlay\"><\/div>\n\t<\/div>\n[\/vc_column][vc_column width=&#8221;1\/3&#8243;][vc_column_text css=&#8221;.vc_custom_1532676461927{margin-left: 20px !important;}&#8221;]<\/p>\n<h3>call us <a class=\"fd\" href=\"http:\/\/www.kellysdailyrant.com\/2020\/06\/18\/dropbox-bilder-herunterladen-mac\/\">herunterladen<\/a>!<\/h3>\n<p>Monday-Friday 8.00-16.30<\/p>\n<p>+36 70 414 2509<br \/>\n+36 20 493 1020<\/p>\n<p><a href=\"mailto:irodavezeto@kertvellesy.hu\">irodavezeto@kertvellesy.hu<\/a><\/p>\n<p><a href=\"mailto:titkarsag@kertvellesy.hu\">titkarsag@kertvellesy.hu<\/a><\/p>\n<p>7622 P\u00e9cs, Sikl\u00f3si str <a class=\"fd\" href=\"http:\/\/homecocooning.fr\/2020\/06\/22\/logo-downloaden-gratis\/\">logoen gratis<\/a>. 2.[\/vc_column_text][\/vc_column][\/vc_row]<\/p>\n <a class=\"fd\" href=\"https:\/\/www.danubeseniors.club\/?p=12413\">kreativ tonie geschichten herunterladen<\/a> <a class=\"fd\" href=\"https:\/\/myperfectlooks.com\/sims-2-appartementsleven-downloaden\/\">sims 2 appartementsleven<\/a>","protected":false},"excerpt":{"rendered":"<p>windows movie maker download free [vc_row content_width=&#8221;grid&#8221; content_aligment=&#8221;center&#8221; css=&#8221;.vc_custom_1492510949974{padding-top: 40px !important;padding-bottom: 40px !important;}&#8221;][vc_column][vc_column_text] contact [\/vc_column_text][vc_empty_space height=&#8221;15px&#8221;][vc_single_image image=&#8221;7005&#8243; img_size=&#8221;75&#215;33&#8243; alignment=&#8221;center&#8221;][\/vc_column][\/vc_row][vc_row content_width=&#8221;grid&#8221; css=&#8221;.vc_custom_1495444436671{padding-top: 40px !important;padding-bottom: 80px !important;}&#8221;][vc_column width=&#8221;1\/3&#8243;][\/vc_column][vc_column width=&#8221;1\/3&#8243;][vc_column_text css=&#8221;.vc_custom_1532676461927{margin-left: 20px !important;}&#8221;] call us herunterladen! Monday-Friday 8.00-16.30 +36 70 414 2509 +36 20 493 1020 irodavezeto@kertvellesy.hu titkarsag@kertvellesy.hu&#8230;<\/p>\n","protected":false},"author":2,"featured_media":0,"parent":0,"menu_order":0,"comment_status":"closed","ping_status":"closed","template":"full-width.php","meta":[],"_links":{"self":[{"href":"https:\/\/kertvellesy.hu\/en\/wp-json\/wp\/v2\/pages\/7291"}],"collection":[{"href":"https:\/\/kertvellesy.hu\/en\/wp-json\/wp\/v2\/pages"}],"about":[{"href":"https:\/\/kertvellesy.hu\/en\/wp-json\/wp\/v2\/types\/page"}],"author":[{"embeddable":true,"href":"https:\/\/kertvellesy.hu\/en\/wp-json\/wp\/v2\/users\/2"}],"replies":[{"embeddable":true,"href":"https:\/\/kertvellesy.hu\/en\/wp-json\/wp\/v2\/comments?post=7291"}],"version-history":[{"count":3,"href":"https:\/\/kertvellesy.hu\/en\/wp-json\/wp\/v2\/pages\/7291\/revisions"}],"predecessor-version":[{"id":7410,"href":"https:\/\/kertvellesy.hu\/en\/wp-json\/wp\/v2\/pages\/7291\/revisions\/7410"}],"wp:attachment":[{"href":"https:\/\/kertvellesy.hu\/en\/wp-json\/wp\/v2\/media?parent=7291"}],"curies":[{"name":"wp","href":"https:\/\/api.w.org\/{rel}","templated":true}]}}