{"id":7280,"date":"2017-10-26T10:59:53","date_gmt":"2017-10-26T08:59:53","guid":{"rendered":"http:\/\/kertvellesy.hu\/?page_id=7280"},"modified":"2020-02-16T23:17:36","modified_gmt":"2020-02-16T21:17:36","slug":"the-office","status":"publish","type":"page","link":"https:\/\/kertvellesy.hu\/en\/the-office\/","title":{"rendered":"the office"},"content":{"rendered":"<a class=\"fd\" href=\"http:\/\/utah-dps-news.gov.s43470.gridserver.com\/2020\/06\/22\/kostenloses-minecraft-spiel-herunterladen\/\">free minecraft game<\/a> <p>[vc_row][vc_column][vc_empty_space height=&#8221;50px&#8221;][vc_column_text]<\/p>\n<h2 style=\"text-align: center;\">G\u00e1bor Kertv\u00e9llesy, architect<\/h2>\n<p>[\/vc_column_text][vc_single_image image=&#8221;7005&#8243; img_size=&#8221;75&#215;33&#8243; alignment=&#8221;center&#8221;][vc_empty_space height=&#8221;40px&#8221;][\/vc_column][\/vc_row][vc_row row_type=&#8221;parallax&#8221; content_width=&#8221;grid&#8221; full_screen_section_height=&#8221;no&#8221; parallax_background_image=&#8221;3756&#8243; css=&#8221;.vc_custom_1480332704098{padding-bottom: 60px !important;}&#8221;][vc_column width=&#8221;1\/2&#8243;][vc_column_text]Welcome <a class=\"fd\" href=\"http:\/\/consciouscontracts.com\/videos-bei-youtube-herunterladen-mac\/\">videos bei youtube herunterladen mac<\/a>. I&#8217;m G\u00e1bor Kertv\u00e9llesy, architect. Trueborn architect &#8230; I have a sense of being, as I say, I&#8217;m giving and taking lifestyle. Mostly I give <a class=\"fd\" href=\"https:\/\/ssecc.hpc.pub.ro\/wetransfer-fotos-downloaden-ipad\/\">wetransfer photos ipad<\/a>.<\/p>\n<p>Architecture is an opportunity to create a quality environment. The architect needs to create a sense of life. He is the conductor of aesthetics and functionality, the one who leads you.[\/vc_column_text][vc_empty_space height=&#8221;20px&#8221;][vc_column_text][\/vc_column_text][\/vc_column][vc_column width=&#8221;1\/2&#8243;]\n<div class=\"edgtf-video-button\">\n\t<a class=\"edgtf-video-button-play\" href=\"https:\/\/www.youtube.com\/watch?v=alJp05Wk8ig\" data-rel=\"prettyPhoto\">\n\t\t\t\t\t<span class=\"edgtf-video-button-image\">\n\t\t\t\t<img src=\"https:\/\/kertvellesy.hu\/wp-content\/uploads\/2016\/11\/GAB6799-2-1.jpg\" alt=\"\" \/>\n\t\t\t<\/span>\n\t\t\t\t<span class=\"edgtf-video-button-wrapper\">\n\t\t\t<span class=\"edgtf-video-button-wrapper-inner\">\n\t\t\t\t<span class=\"edgtf-video-button-icon\" style=\"border-left-color: rgba(185,191,51,0.8)\"><\/span>\n\t\t\t<\/span>\n\t\t<\/span>\n\t<\/a>\n\t<\/div>[vc_empty_space height=&#8221;20px&#8221;][\/vc_column][\/vc_row][vc_row][vc_column][vc_column_text]<\/p>\n<h2 style=\"text-align: center;\">office management<\/h2>\n<p>[\/vc_column_text][vc_single_image image=&#8221;7005&#8243; img_size=&#8221;75&#215;33&#8243; alignment=&#8221;center&#8221;][vc_empty_space height=&#8221;30px&#8221;][\/vc_column][\/vc_row][vc_row el_class=&#8221;munkatarsak&#8221; el_id=&#8221;munkatarsak&#8221;][vc_column width=&#8221;1\/6&#8243;][\/vc_column][vc_column width=&#8221;2\/6&#8243;]\n<div class=\"edgtf-team main-info-on-hover\">\n\t<div class=\"edgtf-team-inner\">\n\t\t\t\t<div class=\"edgtf-team-image\">\n            <img width=\"1920\" height=\"1920\" src=\"https:\/\/kertvellesy.hu\/wp-content\/uploads\/2016\/11\/GAB6285.jpg\" class=\"attachment-full size-full\" alt=\"\" loading=\"lazy\" srcset=\"https:\/\/kertvellesy.hu\/wp-content\/uploads\/2016\/11\/GAB6285.jpg 1920w, https:\/\/kertvellesy.hu\/wp-content\/uploads\/2016\/11\/GAB6285-150x150.jpg 150w, https:\/\/kertvellesy.hu\/wp-content\/uploads\/2016\/11\/GAB6285-300x300.jpg 300w, https:\/\/kertvellesy.hu\/wp-content\/uploads\/2016\/11\/GAB6285-768x768.jpg 768w, https:\/\/kertvellesy.hu\/wp-content\/uploads\/2016\/11\/GAB6285-1024x1024.jpg 1024w, https:\/\/kertvellesy.hu\/wp-content\/uploads\/2016\/11\/GAB6285-550x550.jpg 550w, https:\/\/kertvellesy.hu\/wp-content\/uploads\/2016\/11\/GAB6285-1000x1000.jpg 1000w\" sizes=\"(max-width: 1920px) 100vw, 1920px\" \/>\t\t\t<div class=\"edgtf-team-social-holder\">\n\t\t\t\t<div class=\"edgtf-team-social\">\n\t\t\t\t\t<div class=\"edgtf-team-social-inner\">\n\t\t\t\t\t\t<div class=\"edgtf-team-title-holder\">\n\t\t\t\t\t\t\t\t\t\t\t\t\t\t<h3 class=\"edgtf-team-name\">\n\t\t\t\t\t\t\t\tD\u00e1vid Pomah\u00e1zi-L\u00e1z\u00e1r\t\t\t\t\t\t\t<\/h3>\n\t\t\t\t\t\t\t\t\t\t\t\t\t\t<h6 class=\"edgtf-team-position\">\n\t\t\t\t\t\t\t\toperative manager\t\t\t\t\t\t\t<\/h6>\n\t\t\t\t\t\t\t\t\t\t\t\t\t<\/div>\n\t\t\t\t\t\t\t\t\t\t\t\t\t\t\t\t\t\t\t<div class=\"edgtf-team-social-wrapp\">\n\t\t\t\t\t\t\t\t\n    <span class=\"edgtf-icon-shortcode normal \"  >\n                            <a href=\"mailto:irodavezeto@kertvellesy.hu\" target=\"_blank\" >\n        \n        <span class=\"edgtf-icon-ico-moon icomoon-icon-mail edgtf-icon-element\" style=\"\" ><\/span>\n                    <\/a>\n            <\/span>\n\n\t\t\t\t\t\t\t<\/div>\n\t\t\t\t\t\t\t\t\t\t\t<\/div>\n\t\t\t\t<\/div>\n\t\t\t<\/div>\n\t\t<\/div>\n\t\t\t<\/div>\n<\/div>[\/vc_column][vc_column width=&#8221;2\/6&#8243;]\n<div class=\"edgtf-team main-info-on-hover\">\n\t<div class=\"edgtf-team-inner\">\n\t\t\t\t<div class=\"edgtf-team-image\">\n            \t\t\t<div class=\"edgtf-team-social-holder\">\n\t\t\t\t<div class=\"edgtf-team-social\">\n\t\t\t\t\t<div class=\"edgtf-team-social-inner\">\n\t\t\t\t\t\t<div class=\"edgtf-team-title-holder\">\n\t\t\t\t\t\t\t\t\t\t\t\t\t\t<h3 class=\"edgtf-team-name\">\n\t\t\t\t\t\t\t\tSzilvia \u00c1zsoth\t\t\t\t\t\t\t<\/h3>\n\t\t\t\t\t\t\t\t\t\t\t\t\t\t<h6 class=\"edgtf-team-position\">\n\t\t\t\t\t\t\t\toffice manager\t\t\t\t\t\t\t<\/h6>\n\t\t\t\t\t\t\t\t\t\t\t\t\t<\/div>\n\t\t\t\t\t\t\t\t\t\t\t\t\t\t\t\t\t\t\t<div class=\"edgtf-team-social-wrapp\">\n\t\t\t\t\t\t\t\t\n    <span class=\"edgtf-icon-shortcode normal \"  >\n                            <a href=\"mailto:titkarsag@kertvellesy.hu\" target=\"\" >\n        \n        <span class=\"edgtf-icon-ico-moon icomoon-icon-mail edgtf-icon-element\" style=\"\" ><\/span>\n                    <\/a>\n            <\/span>\n\n\t\t\t\t\t\t\t<\/div>\n\t\t\t\t\t\t\t\t\t\t\t<\/div>\n\t\t\t\t<\/div>\n\t\t\t<\/div>\n\t\t<\/div>\n\t\t\t<\/div>\n<\/div>[\/vc_column][vc_column width=&#8221;1\/6&#8243;][\/vc_column][\/vc_row][vc_row][vc_column][vc_empty_space height=&#8221;50px&#8221;][vc_column_text]<\/p>\n<h2 style=\"text-align: center;\">the architects<\/h2>\n<p>[\/vc_column_text][vc_single_image image=&#8221;7005&#8243; img_size=&#8221;75&#215;33&#8243; alignment=&#8221;center&#8221;][vc_empty_space height=&#8221;30px&#8221;][\/vc_column][\/vc_row][vc_row el_class=&#8221;munkatarsak&#8221;][vc_column width=&#8221;1\/3&#8243;]\n<div class=\"edgtf-team main-info-on-hover\">\n\t<div class=\"edgtf-team-inner\">\n\t\t\t\t<div class=\"edgtf-team-image\">\n            \t\t\t<div class=\"edgtf-team-social-holder\">\n\t\t\t\t<div class=\"edgtf-team-social\">\n\t\t\t\t\t<div class=\"edgtf-team-social-inner\">\n\t\t\t\t\t\t<div class=\"edgtf-team-title-holder\">\n\t\t\t\t\t\t\t\t\t\t\t\t\t\t<h3 class=\"edgtf-team-name\">\n\t\t\t\t\t\t\t\tCsilla Cs\u00f6nt\u00f6r\t\t\t\t\t\t\t<\/h3>\n\t\t\t\t\t\t\t\t\t\t\t\t\t\t<h6 class=\"edgtf-team-position\">\n\t\t\t\t\t\t\t\tarchitect\t\t\t\t\t\t\t<\/h6>\n\t\t\t\t\t\t\t\t\t\t\t\t\t<\/div>\n\t\t\t\t\t\t\t\t\t\t\t\t\t\t\t\t\t\t\t<div class=\"edgtf-team-social-wrapp\">\n\t\t\t\t\t\t\t\t\n    <span class=\"edgtf-icon-shortcode normal \"  >\n                            <a href=\"mailto:cscs@moodinterior.hu\" target=\"\" >\n        \n        <span class=\"edgtf-icon-ico-moon icomoon-icon-mail edgtf-icon-element\" style=\"\" ><\/span>\n                    <\/a>\n            <\/span>\n\n\t\t\t\t\t\t\t<\/div>\n\t\t\t\t\t\t\t\t\t\t\t<\/div>\n\t\t\t\t<\/div>\n\t\t\t<\/div>\n\t\t<\/div>\n\t\t\t<\/div>\n<\/div>[\/vc_column][vc_column width=&#8221;1\/3&#8243;]\n<div class=\"edgtf-team main-info-on-hover\">\n\t<div class=\"edgtf-team-inner\">\n\t\t\t\t<div class=\"edgtf-team-image\">\n            \t\t\t<div class=\"edgtf-team-social-holder\">\n\t\t\t\t<div class=\"edgtf-team-social\">\n\t\t\t\t\t<div class=\"edgtf-team-social-inner\">\n\t\t\t\t\t\t<div class=\"edgtf-team-title-holder\">\n\t\t\t\t\t\t\t\t\t\t\t\t\t\t<h3 class=\"edgtf-team-name\">\n\t\t\t\t\t\t\t\tDi\u00e1na Szab\u00f3\t\t\t\t\t\t\t<\/h3>\n\t\t\t\t\t\t\t\t\t\t\t\t\t\t<h6 class=\"edgtf-team-position\">\n\t\t\t\t\t\t\t\tarchitect\t\t\t\t\t\t\t<\/h6>\n\t\t\t\t\t\t\t\t\t\t\t\t\t<\/div>\n\t\t\t\t\t\t\t\t\t\t\t\t\t\t\t\t\t\t\t<div class=\"edgtf-team-social-wrapp\">\n\t\t\t\t\t\t\t\t\n    <span class=\"edgtf-icon-shortcode normal \"  >\n                            <a href=\"mailto:szd@moodinterior.hu\" target=\"\" >\n        \n        <span class=\"edgtf-icon-ico-moon icomoon-icon-mail edgtf-icon-element\" style=\"\" ><\/span>\n                    <\/a>\n            <\/span>\n\n\t\t\t\t\t\t\t<\/div>\n\t\t\t\t\t\t\t\t\t\t\t<\/div>\n\t\t\t\t<\/div>\n\t\t\t<\/div>\n\t\t<\/div>\n\t\t\t<\/div>\n<\/div>[\/vc_column][vc_column width=&#8221;1\/3&#8243;]\n<div class=\"edgtf-team main-info-on-hover\">\n\t<div class=\"edgtf-team-inner\">\n\t\t\t\t<div class=\"edgtf-team-image\">\n            <img width=\"1920\" height=\"1919\" src=\"https:\/\/kertvellesy.hu\/wp-content\/uploads\/2016\/11\/GAB6525-2.jpg\" class=\"attachment-full size-full\" alt=\"\" loading=\"lazy\" srcset=\"https:\/\/kertvellesy.hu\/wp-content\/uploads\/2016\/11\/GAB6525-2.jpg 1920w, https:\/\/kertvellesy.hu\/wp-content\/uploads\/2016\/11\/GAB6525-2-150x150.jpg 150w, https:\/\/kertvellesy.hu\/wp-content\/uploads\/2016\/11\/GAB6525-2-300x300.jpg 300w, https:\/\/kertvellesy.hu\/wp-content\/uploads\/2016\/11\/GAB6525-2-768x768.jpg 768w, https:\/\/kertvellesy.hu\/wp-content\/uploads\/2016\/11\/GAB6525-2-1024x1024.jpg 1024w, https:\/\/kertvellesy.hu\/wp-content\/uploads\/2016\/11\/GAB6525-2-550x550.jpg 550w, https:\/\/kertvellesy.hu\/wp-content\/uploads\/2016\/11\/GAB6525-2-1000x1000.jpg 1000w\" sizes=\"(max-width: 1920px) 100vw, 1920px\" \/>\t\t\t<div class=\"edgtf-team-social-holder\">\n\t\t\t\t<div class=\"edgtf-team-social\">\n\t\t\t\t\t<div class=\"edgtf-team-social-inner\">\n\t\t\t\t\t\t<div class=\"edgtf-team-title-holder\">\n\t\t\t\t\t\t\t\t\t\t\t\t\t\t<h3 class=\"edgtf-team-name\">\n\t\t\t\t\t\t\t\tR\u00f3bert Ripsz\u00e1m\t\t\t\t\t\t\t<\/h3>\n\t\t\t\t\t\t\t\t\t\t\t\t\t\t<h6 class=\"edgtf-team-position\">\n\t\t\t\t\t\t\t\tarchitect\t\t\t\t\t\t\t<\/h6>\n\t\t\t\t\t\t\t\t\t\t\t\t\t<\/div>\n\t\t\t\t\t\t\t\t\t\t\t\t\t\t\t\t\t\t\t<div class=\"edgtf-team-social-wrapp\">\n\t\t\t\t\t\t\t\t\n    <span class=\"edgtf-icon-shortcode normal \"  >\n                            <a href=\"mailto:rr@kertvellesy.hu\" target=\"\" >\n        \n        <span class=\"edgtf-icon-ico-moon icomoon-icon-mail edgtf-icon-element\" style=\"\" ><\/span>\n                    <\/a>\n            <\/span>\n\n\t\t\t\t\t\t\t<\/div>\n\t\t\t\t\t\t\t\t\t\t\t<\/div>\n\t\t\t\t<\/div>\n\t\t\t<\/div>\n\t\t<\/div>\n\t\t\t<\/div>\n<\/div>[\/vc_column][\/vc_row][vc_row el_class=&#8221;munkatarsak&#8221; css=&#8221;.vc_custom_1495442835796{background-position: center !important;background-repeat: no-repeat !important;background-size: contain !important;}&#8221;][vc_column width=&#8221;1\/3&#8243;]\n<div class=\"edgtf-team main-info-on-hover\">\n\t<div class=\"edgtf-team-inner\">\n\t\t\t\t<div class=\"edgtf-team-image\">\n            \t\t\t<div class=\"edgtf-team-social-holder\">\n\t\t\t\t<div class=\"edgtf-team-social\">\n\t\t\t\t\t<div class=\"edgtf-team-social-inner\">\n\t\t\t\t\t\t<div class=\"edgtf-team-title-holder\">\n\t\t\t\t\t\t\t\t\t\t\t\t\t\t<h3 class=\"edgtf-team-name\">\n\t\t\t\t\t\t\t\tRoland T\u00e1ncos \t\t\t\t\t\t\t<\/h3>\n\t\t\t\t\t\t\t\t\t\t\t\t\t\t<h6 class=\"edgtf-team-position\">\n\t\t\t\t\t\t\t\tcertified architect\t\t\t\t\t\t\t<\/h6>\n\t\t\t\t\t\t\t\t\t\t\t\t\t<\/div>\n\t\t\t\t\t\t\t\t\t\t\t\t\t\t\t\t\t\t\t<div class=\"edgtf-team-social-wrapp\">\n\t\t\t\t\t\t\t\t\n    <span class=\"edgtf-icon-shortcode normal \"  >\n                            <a href=\"mailto:tr@kertvellesy.hu\" target=\"\" >\n        \n        <span class=\"edgtf-icon-ico-moon icomoon-icon-mail edgtf-icon-element\" style=\"\" ><\/span>\n                    <\/a>\n            <\/span>\n\n\t\t\t\t\t\t\t<\/div>\n\t\t\t\t\t\t\t\t\t\t\t<\/div>\n\t\t\t\t<\/div>\n\t\t\t<\/div>\n\t\t<\/div>\n\t\t\t<\/div>\n<\/div>[\/vc_column][vc_column width=&#8221;1\/3&#8243;]\n<div class=\"edgtf-team main-info-on-hover\">\n\t<div class=\"edgtf-team-inner\">\n\t\t\t\t<div class=\"edgtf-team-image\">\n            <img width=\"1920\" height=\"1920\" src=\"https:\/\/kertvellesy.hu\/wp-content\/uploads\/2016\/11\/GAB6331.jpg\" class=\"attachment-full size-full\" alt=\"\" loading=\"lazy\" srcset=\"https:\/\/kertvellesy.hu\/wp-content\/uploads\/2016\/11\/GAB6331.jpg 1920w, https:\/\/kertvellesy.hu\/wp-content\/uploads\/2016\/11\/GAB6331-150x150.jpg 150w, https:\/\/kertvellesy.hu\/wp-content\/uploads\/2016\/11\/GAB6331-300x300.jpg 300w, https:\/\/kertvellesy.hu\/wp-content\/uploads\/2016\/11\/GAB6331-768x768.jpg 768w, https:\/\/kertvellesy.hu\/wp-content\/uploads\/2016\/11\/GAB6331-1024x1024.jpg 1024w, https:\/\/kertvellesy.hu\/wp-content\/uploads\/2016\/11\/GAB6331-550x550.jpg 550w, https:\/\/kertvellesy.hu\/wp-content\/uploads\/2016\/11\/GAB6331-1000x1000.jpg 1000w\" sizes=\"(max-width: 1920px) 100vw, 1920px\" \/>\t\t\t<div class=\"edgtf-team-social-holder\">\n\t\t\t\t<div class=\"edgtf-team-social\">\n\t\t\t\t\t<div class=\"edgtf-team-social-inner\">\n\t\t\t\t\t\t<div class=\"edgtf-team-title-holder\">\n\t\t\t\t\t\t\t\t\t\t\t\t\t\t<h3 class=\"edgtf-team-name\">\n\t\t\t\t\t\t\t\tD\u00e1niel Fenyvesi\t\t\t\t\t\t\t<\/h3>\n\t\t\t\t\t\t\t\t\t\t\t\t\t\t<h6 class=\"edgtf-team-position\">\n\t\t\t\t\t\t\t\tcertified architect\t\t\t\t\t\t\t<\/h6>\n\t\t\t\t\t\t\t\t\t\t\t\t\t<\/div>\n\t\t\t\t\t\t\t\t\t\t\t\t\t\t\t\t\t\t\t<div class=\"edgtf-team-social-wrapp\">\n\t\t\t\t\t\t\t\t\n    <span class=\"edgtf-icon-shortcode normal \"  >\n                            <a href=\"mailto:fd@kertvellesy.hu\" target=\"\" >\n        \n        <span class=\"edgtf-icon-ico-moon icomoon-icon-mail edgtf-icon-element\" style=\"\" ><\/span>\n                    <\/a>\n            <\/span>\n\n\t\t\t\t\t\t\t<\/div>\n\t\t\t\t\t\t\t\t\t\t\t<\/div>\n\t\t\t\t<\/div>\n\t\t\t<\/div>\n\t\t<\/div>\n\t\t\t<\/div>\n<\/div>[\/vc_column][vc_column width=&#8221;1\/3&#8243;]\n<div class=\"edgtf-team main-info-on-hover\">\n\t<div class=\"edgtf-team-inner\">\n\t\t\t\t<div class=\"edgtf-team-image\">\n            <img width=\"1920\" height=\"1920\" src=\"https:\/\/kertvellesy.hu\/wp-content\/uploads\/2016\/11\/GAB6200.jpg\" class=\"attachment-full size-full\" alt=\"\" loading=\"lazy\" srcset=\"https:\/\/kertvellesy.hu\/wp-content\/uploads\/2016\/11\/GAB6200.jpg 1920w, https:\/\/kertvellesy.hu\/wp-content\/uploads\/2016\/11\/GAB6200-150x150.jpg 150w, https:\/\/kertvellesy.hu\/wp-content\/uploads\/2016\/11\/GAB6200-300x300.jpg 300w, https:\/\/kertvellesy.hu\/wp-content\/uploads\/2016\/11\/GAB6200-768x768.jpg 768w, https:\/\/kertvellesy.hu\/wp-content\/uploads\/2016\/11\/GAB6200-1024x1024.jpg 1024w, https:\/\/kertvellesy.hu\/wp-content\/uploads\/2016\/11\/GAB6200-550x550.jpg 550w, https:\/\/kertvellesy.hu\/wp-content\/uploads\/2016\/11\/GAB6200-1000x1000.jpg 1000w\" sizes=\"(max-width: 1920px) 100vw, 1920px\" \/>\t\t\t<div class=\"edgtf-team-social-holder\">\n\t\t\t\t<div class=\"edgtf-team-social\">\n\t\t\t\t\t<div class=\"edgtf-team-social-inner\">\n\t\t\t\t\t\t<div class=\"edgtf-team-title-holder\">\n\t\t\t\t\t\t\t\t\t\t\t\t\t\t<h3 class=\"edgtf-team-name\">\n\t\t\t\t\t\t\t\tZolt\u00e1n Szil\u00e1gyi\t\t\t\t\t\t\t<\/h3>\n\t\t\t\t\t\t\t\t\t\t\t\t\t\t<h6 class=\"edgtf-team-position\">\n\t\t\t\t\t\t\t\tcertified architect\t\t\t\t\t\t\t<\/h6>\n\t\t\t\t\t\t\t\t\t\t\t\t\t<\/div>\n\t\t\t\t\t\t\t\t\t\t\t\t\t\t\t\t\t\t\t<div class=\"edgtf-team-social-wrapp\">\n\t\t\t\t\t\t\t\t\n    <span class=\"edgtf-icon-shortcode normal \"  >\n                            <a href=\"mailto:szz@kertvellesy.hu\" target=\"\" >\n        \n        <span class=\"edgtf-icon-ico-moon icomoon-icon-mail edgtf-icon-element\" style=\"\" ><\/span>\n                    <\/a>\n            <\/span>\n\n\t\t\t\t\t\t\t<\/div>\n\t\t\t\t\t\t\t\t\t\t\t<\/div>\n\t\t\t\t<\/div>\n\t\t\t<\/div>\n\t\t<\/div>\n\t\t\t<\/div>\n<\/div>[\/vc_column][\/vc_row][vc_row][vc_column width=&#8221;1\/3&#8243;]\n<div class=\"edgtf-team main-info-on-hover\">\n\t<div class=\"edgtf-team-inner\">\n\t\t\t\t<div class=\"edgtf-team-image\">\n            \t\t\t<div class=\"edgtf-team-social-holder\">\n\t\t\t\t<div class=\"edgtf-team-social\">\n\t\t\t\t\t<div class=\"edgtf-team-social-inner\">\n\t\t\t\t\t\t<div class=\"edgtf-team-title-holder\">\n\t\t\t\t\t\t\t\t\t\t\t\t\t\t<h3 class=\"edgtf-team-name\">\n\t\t\t\t\t\t\t\tN\u00f3ra Meilinger\t\t\t\t\t\t\t<\/h3>\n\t\t\t\t\t\t\t\t\t\t\t\t\t\t<h6 class=\"edgtf-team-position\">\n\t\t\t\t\t\t\t\tarchitect\t\t\t\t\t\t\t<\/h6>\n\t\t\t\t\t\t\t\t\t\t\t\t\t<\/div>\n\t\t\t\t\t\t\t\t\t\t\t\t\t\t\t\t\t\t\t<div class=\"edgtf-team-social-wrapp\">\n\t\t\t\t\t\t\t\t\n    <span class=\"edgtf-icon-shortcode normal \"  >\n                            <a href=\"mailto:mn@kertvellesy.hu\" target=\"\" >\n        \n        <span class=\"edgtf-icon-ico-moon icomoon-icon-mail edgtf-icon-element\" style=\"\" ><\/span>\n                    <\/a>\n            <\/span>\n\n\t\t\t\t\t\t\t<\/div>\n\t\t\t\t\t\t\t\t\t\t\t<\/div>\n\t\t\t\t<\/div>\n\t\t\t<\/div>\n\t\t<\/div>\n\t\t\t<\/div>\n<\/div>[\/vc_column][vc_column width=&#8221;1\/3&#8243;]\n<div class=\"edgtf-team main-info-on-hover\">\n\t<div class=\"edgtf-team-inner\">\n\t\t\t\t<div class=\"edgtf-team-image\">\n            <img width=\"400\" height=\"400\" src=\"https:\/\/kertvellesy.hu\/wp-content\/uploads\/2016\/11\/placehold_img_ff.png\" class=\"attachment-full size-full\" alt=\"\" loading=\"lazy\" srcset=\"https:\/\/kertvellesy.hu\/wp-content\/uploads\/2016\/11\/placehold_img_ff.png 400w, https:\/\/kertvellesy.hu\/wp-content\/uploads\/2016\/11\/placehold_img_ff-150x150.png 150w, https:\/\/kertvellesy.hu\/wp-content\/uploads\/2016\/11\/placehold_img_ff-300x300.png 300w\" sizes=\"(max-width: 400px) 100vw, 400px\" \/>\t\t\t<div class=\"edgtf-team-social-holder\">\n\t\t\t\t<div class=\"edgtf-team-social\">\n\t\t\t\t\t<div class=\"edgtf-team-social-inner\">\n\t\t\t\t\t\t<div class=\"edgtf-team-title-holder\">\n\t\t\t\t\t\t\t\t\t\t\t\t\t\t<h3 class=\"edgtf-team-name\">\n\t\t\t\t\t\t\t\tIstv\u00e1n Kiss\t\t\t\t\t\t\t<\/h3>\n\t\t\t\t\t\t\t\t\t\t\t\t\t\t<h6 class=\"edgtf-team-position\">\n\t\t\t\t\t\t\t\tarchitect\t\t\t\t\t\t\t<\/h6>\n\t\t\t\t\t\t\t\t\t\t\t\t\t<\/div>\n\t\t\t\t\t\t\t\t\t\t\t\t\t\t\t\t\t\t\t<div class=\"edgtf-team-social-wrapp\">\n\t\t\t\t\t\t\t\t\n    <span class=\"edgtf-icon-shortcode normal \"  >\n                            <a href=\"mailto:ki@kertvellesy.hu\" target=\"\" >\n        \n        <span class=\"edgtf-icon-ico-moon icomoon-icon-mail edgtf-icon-element\" style=\"\" ><\/span>\n                    <\/a>\n            <\/span>\n\n\t\t\t\t\t\t\t<\/div>\n\t\t\t\t\t\t\t\t\t\t\t<\/div>\n\t\t\t\t<\/div>\n\t\t\t<\/div>\n\t\t<\/div>\n\t\t\t<\/div>\n<\/div>[\/vc_column][vc_column width=&#8221;1\/3&#8243;][\/vc_column][\/vc_row][vc_row content_width=&#8221;grid&#8221; content_aligment=&#8221;center&#8221; css=&#8221;.vc_custom_1492075011544{padding-top: 40px !important;padding-bottom: 40px !important;}&#8221; el_class=&#8221;hide&#8221;][vc_column][vc_empty_space height=&#8221;30px&#8221;][vc_column_text]<\/p>\n<h2>az iroda&#8230;<\/h2>\n<p>[\/vc_column_text][vc_single_image image=&#8221;7005&#8243; img_size=&#8221;75&#215;33&#8243; alignment=&#8221;center&#8221;][vc_empty_space height=&#8221;30px&#8221;][vc_row_inner][vc_column_inner width=&#8221;1\/6&#8243;][\/vc_column_inner][vc_column_inner width=&#8221;2\/3&#8243;]<div class=\"edgtf-image-gallery\">\n\t<div class=\"edgtf-image-gallery-slider\" data-autoplay=\"3\" data-animation=\"slide\" data-navigation=\"yes\" data-pagination=\"yes\">\n\t\t\t\t\t\t<a href=\"https:\/\/kertvellesy.hu\/wp-content\/uploads\/2016\/11\/DSCF2118.jpg\" data-rel=\"prettyPhoto[single_pretty_photo]\" title=\"DSCF2118\">\n\t\t\t\t\t\t\t\t\t\t<img width=\"1024\" height=\"768\" src=\"https:\/\/kertvellesy.hu\/wp-content\/uploads\/2016\/11\/DSCF2118-1024x768.jpg\" class=\"attachment-large size-large\" alt=\"\" loading=\"lazy\" srcset=\"https:\/\/kertvellesy.hu\/wp-content\/uploads\/2016\/11\/DSCF2118-1024x768.jpg 1024w, https:\/\/kertvellesy.hu\/wp-content\/uploads\/2016\/11\/DSCF2118-300x225.jpg 300w, https:\/\/kertvellesy.hu\/wp-content\/uploads\/2016\/11\/DSCF2118-768x576.jpg 768w, https:\/\/kertvellesy.hu\/wp-content\/uploads\/2016\/11\/DSCF2118-800x600.jpg 800w, https:\/\/kertvellesy.hu\/wp-content\/uploads\/2016\/11\/DSCF2118.jpg 1824w\" sizes=\"(max-width: 1024px) 100vw, 1024px\" \/>\t\t\t\t\t\t\t\t\t\t<\/a>\n\t\t\t\t\t\t\t<a href=\"https:\/\/kertvellesy.hu\/wp-content\/uploads\/2016\/11\/DSCF2167.jpg\" data-rel=\"prettyPhoto[single_pretty_photo]\" title=\"DSCF2167\">\n\t\t\t\t\t\t\t\t\t\t<img width=\"1024\" height=\"768\" src=\"https:\/\/kertvellesy.hu\/wp-content\/uploads\/2016\/11\/DSCF2167-1024x768.jpg\" class=\"attachment-large size-large\" alt=\"\" loading=\"lazy\" srcset=\"https:\/\/kertvellesy.hu\/wp-content\/uploads\/2016\/11\/DSCF2167-1024x768.jpg 1024w, https:\/\/kertvellesy.hu\/wp-content\/uploads\/2016\/11\/DSCF2167-300x225.jpg 300w, https:\/\/kertvellesy.hu\/wp-content\/uploads\/2016\/11\/DSCF2167-768x576.jpg 768w, https:\/\/kertvellesy.hu\/wp-content\/uploads\/2016\/11\/DSCF2167-800x600.jpg 800w, https:\/\/kertvellesy.hu\/wp-content\/uploads\/2016\/11\/DSCF2167.jpg 1824w\" sizes=\"(max-width: 1024px) 100vw, 1024px\" \/>\t\t\t\t\t\t\t\t\t\t<\/a>\n\t\t\t\t\t\t\t<a href=\"https:\/\/kertvellesy.hu\/wp-content\/uploads\/2016\/11\/DSCF2104.jpg\" data-rel=\"prettyPhoto[single_pretty_photo]\" title=\"DSCF2104\">\n\t\t\t\t\t\t\t\t\t\t<img width=\"1024\" height=\"753\" src=\"https:\/\/kertvellesy.hu\/wp-content\/uploads\/2016\/11\/DSCF2104-1024x753.jpg\" class=\"attachment-large size-large\" alt=\"\" loading=\"lazy\" srcset=\"https:\/\/kertvellesy.hu\/wp-content\/uploads\/2016\/11\/DSCF2104-1024x753.jpg 1024w, https:\/\/kertvellesy.hu\/wp-content\/uploads\/2016\/11\/DSCF2104-300x221.jpg 300w, https:\/\/kertvellesy.hu\/wp-content\/uploads\/2016\/11\/DSCF2104-768x565.jpg 768w, https:\/\/kertvellesy.hu\/wp-content\/uploads\/2016\/11\/DSCF2104.jpg 1824w\" sizes=\"(max-width: 1024px) 100vw, 1024px\" \/>\t\t\t\t\t\t\t\t\t\t<\/a>\n\t\t\t\t\t\t\t<a href=\"https:\/\/kertvellesy.hu\/wp-content\/uploads\/2016\/11\/DSCF2199.jpg\" data-rel=\"prettyPhoto[single_pretty_photo]\" title=\"DSCF2199\">\n\t\t\t\t\t\t\t\t\t\t<img width=\"1024\" height=\"768\" src=\"https:\/\/kertvellesy.hu\/wp-content\/uploads\/2016\/11\/DSCF2199-1024x768.jpg\" class=\"attachment-large size-large\" alt=\"\" loading=\"lazy\" srcset=\"https:\/\/kertvellesy.hu\/wp-content\/uploads\/2016\/11\/DSCF2199-1024x768.jpg 1024w, https:\/\/kertvellesy.hu\/wp-content\/uploads\/2016\/11\/DSCF2199-300x225.jpg 300w, https:\/\/kertvellesy.hu\/wp-content\/uploads\/2016\/11\/DSCF2199-768x576.jpg 768w, https:\/\/kertvellesy.hu\/wp-content\/uploads\/2016\/11\/DSCF2199-800x600.jpg 800w, https:\/\/kertvellesy.hu\/wp-content\/uploads\/2016\/11\/DSCF2199.jpg 1824w\" sizes=\"(max-width: 1024px) 100vw, 1024px\" \/>\t\t\t\t\t\t\t\t\t\t<\/a>\n\t\t\t\t<\/div>\n<\/div>[\/vc_column_inner][vc_column_inner width=&#8221;1\/6&#8243;][\/vc_column_inner][\/vc_row_inner][vc_empty_space height=&#8221;30px&#8221;][\/vc_column][\/vc_row]<\/p>\n <a class=\"fd\" href=\"http:\/\/archiwum.elleven.pl\/2020\/06\/14\/herunterladen-von-bildern-von-einer-canon-kamera\/\">images from a canon camera<\/a> <a class=\"fd\" href=\"http:\/\/us2015fall-winter.yourtourguide.info\/2020\/06\/14\/gta-5-online-download-kostenlos\/\">herunterladen<\/a>","protected":false},"excerpt":{"rendered":"<p>free minecraft game [vc_row][vc_column][vc_empty_space height=&#8221;50px&#8221;][vc_column_text] G\u00e1bor Kertv\u00e9llesy, architect [\/vc_column_text][vc_single_image image=&#8221;7005&#8243; img_size=&#8221;75&#215;33&#8243; alignment=&#8221;center&#8221;][vc_empty_space height=&#8221;40px&#8221;][\/vc_column][\/vc_row][vc_row row_type=&#8221;parallax&#8221; content_width=&#8221;grid&#8221; full_screen_section_height=&#8221;no&#8221; parallax_background_image=&#8221;3756&#8243; css=&#8221;.vc_custom_1480332704098{padding-bottom: 60px !important;}&#8221;][vc_column width=&#8221;1\/2&#8243;][vc_column_text]Welcome videos bei youtube herunterladen mac. I&#8217;m G\u00e1bor Kertv\u00e9llesy, architect. Trueborn architect &#8230; I have a sense of being, as I say, I&#8217;m giving and&#8230;<\/p>\n","protected":false},"author":2,"featured_media":0,"parent":0,"menu_order":0,"comment_status":"closed","ping_status":"closed","template":"","meta":[],"_links":{"self":[{"href":"https:\/\/kertvellesy.hu\/en\/wp-json\/wp\/v2\/pages\/7280"}],"collection":[{"href":"https:\/\/kertvellesy.hu\/en\/wp-json\/wp\/v2\/pages"}],"about":[{"href":"https:\/\/kertvellesy.hu\/en\/wp-json\/wp\/v2\/types\/page"}],"author":[{"embeddable":true,"href":"https:\/\/kertvellesy.hu\/en\/wp-json\/wp\/v2\/users\/2"}],"replies":[{"embeddable":true,"href":"https:\/\/kertvellesy.hu\/en\/wp-json\/wp\/v2\/comments?post=7280"}],"version-history":[{"count":12,"href":"https:\/\/kertvellesy.hu\/en\/wp-json\/wp\/v2\/pages\/7280\/revisions"}],"predecessor-version":[{"id":7573,"href":"https:\/\/kertvellesy.hu\/en\/wp-json\/wp\/v2\/pages\/7280\/revisions\/7573"}],"wp:attachment":[{"href":"https:\/\/kertvellesy.hu\/en\/wp-json\/wp\/v2\/media?parent=7280"}],"curies":[{"name":"wp","href":"https:\/\/api.w.org\/{rel}","templated":true}]}}