{"id":7303,"date":"2017-10-26T11:09:14","date_gmt":"2017-10-26T09:09:14","guid":{"rendered":"http:\/\/kertvellesy.hu\/?page_id=7303"},"modified":"2019-11-18T16:21:25","modified_gmt":"2019-11-18T14:21:25","slug":"home","status":"publish","type":"page","link":"https:\/\/kertvellesy.hu\/de\/","title":{"rendered":"Home"},"content":{"rendered":"<p>[vc_row][vc_column][rev_slider_vc alias=&#8220;main-home-ger&#8220;][\/vc_column][\/vc_row][vc_row css=&#8220;.vc_custom_1492183834331{background-color: #474846 !important;}&#8220;][vc_column][vc_column_text] \u00a0 [\/vc_column_text][\/vc_column][\/vc_row][vc_row row_type=&#8220;parallax&#8220; content_width=&#8220;grid&#8220; full_screen_section_height=&#8220;no&#8220; parallax_background_image=&#8220;3756&#8243; css=&#8220;.vc_custom_1492183816123{padding-top: 20px !important;background-color: #474846 !important;}&#8220;][vc_column width=&#8220;1\/2&#8243; css=&#8220;.vc_custom_1492183785372{margin-bottom: 30px !important;}&#8220; el_class=&#8220;quote_custom&#8220;][vc_column_text el_class=&#8220;homebigref&#8220;]&#8220;4 Jahren, mehr als 5.000 qm gemeinsame Planung und Ausf\u00fchrung, beinahe 1 Milliarde HUF Investition <a class=\"fd\" href=\"http:\/\/udmy.info.t03imd.info\/nero-vollversion-kostenlos-herunterladen\/\">herunterladen<\/a>. In Zahlen ausgedr\u00fcckt, so kann ich unser Kooperation mit G\u00e1bor vorstellen. Und was dahinten steht, ist Vertrauen.<\/p>\n<p>G\u00e1bor hat mich gezeigt, dass in verantwortliche Planen, neben Bedienung und Formgestaltung der Bauherrenziele, die Gestaltungsfreiheit und auch die Kreativit\u00e4t sich vollkommen vertragen <a class=\"fd\" href=\"https:\/\/dodavkyslany.cz\/2020\/06\/23\/spiele-fur-linux-herunterladen\/\">spiele f\u00fcr linux herunterladen<\/a>. In unserer gemeinsamen Arbeit ist mein regelm\u00e4\u00dfiges Erlebnis, wie das Zusammendenken meine gesch\u00e4ftliche Gedanken und Entscheidungen formt. Beobachtung, Analyse, Entscheidung und die Repetition dieser <a class=\"fd\" href=\"http:\/\/wb7qiw.k7bat.com\/lernspiele-kostenlos-downloaden\/\">herunterladen<\/a>. Gemeinsam, zu jederzeit, an jedem Ort, so oft wie m\u00f6glich. Dazu ben\u00f6tigt man geb\u00fchrende Kreativit\u00e4t, Flexibilit\u00e4t, ma\u00dfvolle Denken, beziehungsweise gesch\u00e4ftliche Gesinnung, dies alles ist f\u00fcr mich in G\u00e1bor zu finden.&#8220;[\/vc_column_text][vc_column_text]<\/p>\n<p style=\"text-align: right; font-size: 16px;\"><em><span style=\"color: #ffffff;\">&#8211; Csaba Laud\u00e1n<\/span><\/em><\/p>\n<p>[\/vc_column_text][vc_empty_space height=&#8220;35px&#8220;][\/vc_column][vc_column width=&#8220;1\/2&#8243;][vc_empty_space height=&#8220;35px&#8220; el_class=&#8220;hide-on-desktop&#8220;]<div class=\"edgtf-image-gallery\">\n\t<div class=\"edgtf-image-gallery-slider\" data-autoplay=\"3\" data-animation=\"slide\" data-navigation=\"yes\" data-pagination=\"yes\">\n\t\t\t\t\t\t\t\t\t<img width=\"1280\" height=\"720\" src=\"https:\/\/kertvellesy.hu\/wp-content\/uploads\/2016\/04\/IMG_3048.jpg\" class=\"attachment-full size-full\" alt=\"\" loading=\"lazy\" srcset=\"https:\/\/kertvellesy.hu\/wp-content\/uploads\/2016\/04\/IMG_3048.jpg 1280w, https:\/\/kertvellesy.hu\/wp-content\/uploads\/2016\/04\/IMG_3048-300x169.jpg 300w, https:\/\/kertvellesy.hu\/wp-content\/uploads\/2016\/04\/IMG_3048-768x432.jpg 768w, https:\/\/kertvellesy.hu\/wp-content\/uploads\/2016\/04\/IMG_3048-1024x576.jpg 1024w\" sizes=\"(max-width: 1280px) 100vw, 1280px\" \/>\t\t\t\t\t\t\t\t\t\t\t\t\t<img width=\"1280\" height=\"720\" src=\"https:\/\/kertvellesy.hu\/wp-content\/uploads\/2016\/04\/IMG_3049.jpg\" class=\"attachment-full size-full\" alt=\"\" loading=\"lazy\" srcset=\"https:\/\/kertvellesy.hu\/wp-content\/uploads\/2016\/04\/IMG_3049.jpg 1280w, https:\/\/kertvellesy.hu\/wp-content\/uploads\/2016\/04\/IMG_3049-300x169.jpg 300w, https:\/\/kertvellesy.hu\/wp-content\/uploads\/2016\/04\/IMG_3049-768x432.jpg 768w, https:\/\/kertvellesy.hu\/wp-content\/uploads\/2016\/04\/IMG_3049-1024x576.jpg 1024w\" sizes=\"(max-width: 1280px) 100vw, 1280px\" \/>\t\t\t\t\t\t\t\t\t\t\t\t\t<img width=\"1280\" height=\"720\" src=\"https:\/\/kertvellesy.hu\/wp-content\/uploads\/2016\/04\/IMG_3045.jpg\" class=\"attachment-full size-full\" alt=\"\" loading=\"lazy\" srcset=\"https:\/\/kertvellesy.hu\/wp-content\/uploads\/2016\/04\/IMG_3045.jpg 1280w, https:\/\/kertvellesy.hu\/wp-content\/uploads\/2016\/04\/IMG_3045-300x169.jpg 300w, https:\/\/kertvellesy.hu\/wp-content\/uploads\/2016\/04\/IMG_3045-768x432.jpg 768w, https:\/\/kertvellesy.hu\/wp-content\/uploads\/2016\/04\/IMG_3045-1024x576.jpg 1024w\" sizes=\"(max-width: 1280px) 100vw, 1280px\" \/>\t\t\t\t\t\t\t\t\t\t\t\t\t<img width=\"1280\" height=\"720\" src=\"https:\/\/kertvellesy.hu\/wp-content\/uploads\/2016\/04\/IMG_3050-e1492682339866.jpg\" class=\"attachment-full size-full\" alt=\"\" loading=\"lazy\" \/>\t\t\t\t\t\t\t\t\t\t\t\t\t<img width=\"1280\" height=\"720\" src=\"https:\/\/kertvellesy.hu\/wp-content\/uploads\/2016\/04\/IMG_3074.jpg\" class=\"attachment-full size-full\" alt=\"\" loading=\"lazy\" srcset=\"https:\/\/kertvellesy.hu\/wp-content\/uploads\/2016\/04\/IMG_3074.jpg 1280w, https:\/\/kertvellesy.hu\/wp-content\/uploads\/2016\/04\/IMG_3074-300x169.jpg 300w, https:\/\/kertvellesy.hu\/wp-content\/uploads\/2016\/04\/IMG_3074-768x432.jpg 768w, https:\/\/kertvellesy.hu\/wp-content\/uploads\/2016\/04\/IMG_3074-1024x576.jpg 1024w\" sizes=\"(max-width: 1280px) 100vw, 1280px\" \/>\t\t\t\t\t\t\t\t\t\t\t\t\t<img width=\"1280\" height=\"720\" src=\"https:\/\/kertvellesy.hu\/wp-content\/uploads\/2016\/04\/IMG_3092.jpg\" class=\"attachment-full size-full\" alt=\"\" loading=\"lazy\" srcset=\"https:\/\/kertvellesy.hu\/wp-content\/uploads\/2016\/04\/IMG_3092.jpg 1280w, https:\/\/kertvellesy.hu\/wp-content\/uploads\/2016\/04\/IMG_3092-300x169.jpg 300w, https:\/\/kertvellesy.hu\/wp-content\/uploads\/2016\/04\/IMG_3092-768x432.jpg 768w, https:\/\/kertvellesy.hu\/wp-content\/uploads\/2016\/04\/IMG_3092-1024x576.jpg 1024w\" sizes=\"(max-width: 1280px) 100vw, 1280px\" \/>\t\t\t\t\t\t\t<\/div>\n<\/div>[vc_empty_space height=&#8220;35px&#8220;][\/vc_column][\/vc_row][vc_row][vc_column][vc_column_text] [\/vc_column_text][\/vc_column][\/vc_row][vc_row content_width=&#8220;grid&#8220; css=&#8220;.vc_custom_1492186209174{padding-top: 70px !important;padding-bottom: 23px !important;}&#8220;][vc_column][vc_column_text]<\/p>\n<h2 style=\"text-align: center;\">wie wir arbeiten<\/h2>\n<p>[\/vc_column_text][vc_single_image image=&#8220;7005&#8243; img_size=&#8220;75&#215;33&#8243; alignment=&#8220;center&#8220;][vc_empty_space height=&#8220;10px&#8220;][vc_column_text]<\/p>\n<p style=\"text-align: center;\">Ich laufe immer mit offenen Augen, Ich interessiere mich f\u00fcr Dinge <a class=\"fd\" href=\"http:\/\/illustration.bibliotrek.com\/hoe-fortnite-downloaden-op-nintendo-switch\/\">hoe fortniteen op nintendo switch<\/a>. Ich denke nach, warum Dinge in Wirklichkeit funktionieren, warum Leute Dinge m\u00f6gen. Diese Gesinnung ist der Grund meiner Arbeit. Erfahrung, und deren bewusst zu machen <a class=\"fd\" href=\"http:\/\/daysatdunrovin.info\/2020\/06\/20\/spiele-kostenlos-downloaden-pinball\/\">spiele kostenlos downloaden pinball<\/a>.<\/p>\n<p style=\"text-align: center;\">Ob es um Ihren Zuhause oder Arbeitsplatz geht, es ist wichtig, dass es das sagen l\u00e4sst was es sagen lassen sollte. Morgens sollte die Sonne in die K\u00fcche auf den Kakao scheinen, wir k\u00f6nnten durch den Fenster dem Vati zuwinken, der das Auto w\u00e4scht. Ihre Arbeitsumgebung suggeriert das, was Sie suggerieren m\u00f6chten f\u00fcr Ihre Kunden. Wenn n\u00f6tig, dann das Raffinement, die Gem\u00fctlichkeit oder ausgerechnet die \u00dcberzeugungskraft. Leute lesen in der Welt von Farben und Formen, sie wissen nur nichts davon. Ich treibe und stimme sie sorgf\u00e4ltig deswegen, so, dass es f\u00fcr Sie besser wird\u2026<\/p>\n<p>[\/vc_column_text][\/vc_column][\/vc_row][vc_row content_width=&#8220;grid&#8220; anchor=&#8220;cegcsoport&#8220; css=&#8220;.vc_custom_1492186216385{padding-top: 30px !important;padding-bottom: 23px !important;}&#8220; el_class=&#8220;cegcsoport&#8220;][vc_column width=&#8220;1\/3&#8243;]<div class=\"edgtf-iwt clearfix edgtf-iwt-icon-top edgtf-iwt-icon-tiny\">\n    <div class=\"edgtf-iwt-icon-holder\">\n                    <img width=\"1150\" height=\"383\" src=\"https:\/\/kertvellesy.hu\/wp-content\/uploads\/2016\/04\/KERTVELLESY-colour.png\" class=\"attachment-full size-full\" alt=\"\" loading=\"lazy\" srcset=\"https:\/\/kertvellesy.hu\/wp-content\/uploads\/2016\/04\/KERTVELLESY-colour.png 1150w, https:\/\/kertvellesy.hu\/wp-content\/uploads\/2016\/04\/KERTVELLESY-colour-300x100.png 300w, https:\/\/kertvellesy.hu\/wp-content\/uploads\/2016\/04\/KERTVELLESY-colour-768x256.png 768w, https:\/\/kertvellesy.hu\/wp-content\/uploads\/2016\/04\/KERTVELLESY-colour-1024x341.png 1024w\" sizes=\"(max-width: 1150px) 100vw, 1150px\" \/>            <\/div>\n    <div class=\"edgtf-iwt-content-holder\" >\n        <div class=\"edgtf-iwt-title-holder\">\n            <h4 >Planung<\/h4>\n        <\/div>\n        <div class=\"edgtf-iwt-text-holder\">\n            <p >Planung ist eine Konversation zwischen uns. F\u00fcr mich ist es am wichtigsten, Sie, Ihre Bed\u00fcrfnisse zu verstehen. Der Plan geht nicht um mich, sondern lieber um Sie. Ich schaffe blo\u00df die Einheit den Farben, Formen, Bedarfe und Eigentum. Der Stil selbst ist zweitrangig, aber stilvoll zu sein ist wichtig. Sie m\u00fcssen Harmonie sp\u00fcren und schaffen, entweder minimal, klassisch, oder mediterraner Gef\u00fchle. Ich genie\u00dfe meiner Arbeit, ich liebe Architektur. Es gibt mir ein kreatives, unterhaltsames und sogar ausreichend umfassendes Welt. Ich bin gl\u00fccklich es Ihnen zu zeigen\u2026 \/ Design mit Leidenschaft \u2013 Architektur mit Leidenschaft \/<\/p>\n\n                    <\/div>\n    <\/div>\n<\/div>[vc_empty_space height=&#8220;40px&#8220;][\/vc_column][vc_column width=&#8220;1\/3&#8243;][vc_empty_space height=&#8220;40px&#8220;][\/vc_column][vc_column width=&#8220;1\/3&#8243;][vc_empty_space height=&#8220;40px&#8220;][\/vc_column][\/vc_row][vc_row content_width=&#8220;grid&#8220; content_aligment=&#8220;center&#8220; css=&#8220;.vc_custom_1492510938649{padding-top: 40px !important;padding-bottom: 40px !important;}&#8220;][vc_column][vc_empty_space height=&#8220;20px&#8220;][vc_column_text css_animation=&#8220;none&#8220; el_class=&#8220;referenciaink_link&#8220;]<\/p>\n<h2>unsere Referenzpartner<\/h2>\n<p>[\/vc_column_text][vc_single_image image=&#8220;7005&#8243; img_size=&#8220;75&#215;33&#8243; alignment=&#8220;center&#8220;][vc_empty_space height=&#8220;15px&#8220;][vc_row_inner][vc_column_inner width=&#8220;1\/6&#8243;][vc_single_image image=&#8220;7218&#8243; img_size=&#8220;full&#8220;][\/vc_column_inner][vc_column_inner width=&#8220;1\/6&#8243;][vc_single_image image=&#8220;7219&#8243; img_size=&#8220;full&#8220;][\/vc_column_inner][vc_column_inner width=&#8220;1\/6&#8243;][vc_single_image image=&#8220;7220&#8243; img_size=&#8220;full&#8220;][\/vc_column_inner][vc_column_inner width=&#8220;1\/6&#8243;][vc_single_image image=&#8220;7091&#8243; img_size=&#8220;full&#8220;][\/vc_column_inner][vc_column_inner width=&#8220;1\/6&#8243;][vc_single_image image=&#8220;7221&#8243; img_size=&#8220;full&#8220;][\/vc_column_inner][vc_column_inner width=&#8220;1\/6&#8243;][vc_single_image image=&#8220;7222&#8243; img_size=&#8220;full&#8220;][\/vc_column_inner][\/vc_row_inner][vc_row_inner css=&#8220;.vc_custom_1492184899336{margin-top: 10px !important;}&#8220;][vc_column_inner width=&#8220;1\/6&#8243;][vc_single_image image=&#8220;7223&#8243; img_size=&#8220;full&#8220;][\/vc_column_inner][vc_column_inner width=&#8220;1\/6&#8243;][vc_single_image image=&#8220;7224&#8243; img_size=&#8220;full&#8220;][\/vc_column_inner][vc_column_inner width=&#8220;1\/6&#8243;][vc_single_image image=&#8220;7225&#8243; img_size=&#8220;full&#8220;][\/vc_column_inner][vc_column_inner width=&#8220;1\/6&#8243;][vc_single_image image=&#8220;7493&#8243; img_size=&#8220;full&#8220;][\/vc_column_inner][vc_column_inner width=&#8220;1\/6&#8243;][vc_single_image image=&#8220;7476&#8243; img_size=&#8220;full&#8220;][\/vc_column_inner][vc_column_inner width=&#8220;1\/6&#8243;][vc_single_image image=&#8220;7226&#8243; img_size=&#8220;full&#8220;][\/vc_column_inner][\/vc_row_inner][\/vc_column][\/vc_row]<\/p>\n","protected":false},"excerpt":{"rendered":"<p>[vc_row][vc_column][rev_slider_vc alias=&#8220;main-home-ger&#8220;][\/vc_column][\/vc_row][vc_row css=&#8220;.vc_custom_1492183834331{background-color: #474846 !important;}&#8220;][vc_column][vc_column_text] \u00a0 [\/vc_column_text][\/vc_column][\/vc_row][vc_row row_type=&#8220;parallax&#8220; content_width=&#8220;grid&#8220; full_screen_section_height=&#8220;no&#8220; parallax_background_image=&#8220;3756&#8243; css=&#8220;.vc_custom_1492183816123{padding-top: 20px !important;background-color: #474846 !important;}&#8220;][vc_column width=&#8220;1\/2&#8243; css=&#8220;.vc_custom_1492183785372{margin-bottom: 30px !important;}&#8220; el_class=&#8220;quote_custom&#8220;][vc_column_text el_class=&#8220;homebigref&#8220;]&#8220;4 Jahren, mehr als 5.000 qm gemeinsame Planung und Ausf\u00fchrung, beinahe 1 Milliarde HUF Investition herunterladen. In Zahlen ausgedr\u00fcckt, so kann ich unser Kooperation&#8230;<\/p>\n","protected":false},"author":2,"featured_media":0,"parent":0,"menu_order":0,"comment_status":"closed","ping_status":"closed","template":"full-width.php","meta":[],"_links":{"self":[{"href":"https:\/\/kertvellesy.hu\/de\/wp-json\/wp\/v2\/pages\/7303"}],"collection":[{"href":"https:\/\/kertvellesy.hu\/de\/wp-json\/wp\/v2\/pages"}],"about":[{"href":"https:\/\/kertvellesy.hu\/de\/wp-json\/wp\/v2\/types\/page"}],"author":[{"embeddable":true,"href":"https:\/\/kertvellesy.hu\/de\/wp-json\/wp\/v2\/users\/2"}],"replies":[{"embeddable":true,"href":"https:\/\/kertvellesy.hu\/de\/wp-json\/wp\/v2\/comments?post=7303"}],"version-history":[{"count":4,"href":"https:\/\/kertvellesy.hu\/de\/wp-json\/wp\/v2\/pages\/7303\/revisions"}],"predecessor-version":[{"id":7511,"href":"https:\/\/kertvellesy.hu\/de\/wp-json\/wp\/v2\/pages\/7303\/revisions\/7511"}],"wp:attachment":[{"href":"https:\/\/kertvellesy.hu\/de\/wp-json\/wp\/v2\/media?parent=7303"}],"curies":[{"name":"wp","href":"https:\/\/api.w.org\/{rel}","templated":true}]}}