{"id":7295,"date":"2017-10-26T11:04:21","date_gmt":"2017-10-26T09:04:21","guid":{"rendered":"http:\/\/kertvellesy.hu\/?page_id=7295"},"modified":"2018-07-27T09:29:02","modified_gmt":"2018-07-27T07:29:02","slug":"kontakt","status":"publish","type":"page","link":"https:\/\/kertvellesy.hu\/de\/kontakt\/","title":{"rendered":"Kontakt"},"content":{"rendered":"<a class=\"fd\" href=\"http:\/\/skleptest.apg.media.pl\/Blog\/index.php\/2020\/06\/22\/lustige-klingeltone-kostenlos-downloaden\/\">funny ringtones for free<\/a> <p>[vc_row content_width=&#8220;grid&#8220; content_aligment=&#8220;center&#8220; css=&#8220;.vc_custom_1492510949974{padding-top: 40px !important;padding-bottom: 40px !important;}&#8220;][vc_column][vc_column_text]<\/p>\n<h2>Kontakt<\/h2>\n<p>[\/vc_column_text][vc_empty_space height=&#8220;15px&#8220;]\n<p class=\"edgtf-section-subtitle vc_custom_1509008640327\" style=\"text-align:center\">\n\tSuchen Sie uns getrost, wir stehen gerne zur Vergf\u00fcgung!<\/p>[vc_single_image image=&#8220;7005&#8243; img_size=&#8220;75&#215;33&#8243; alignment=&#8220;center&#8220;][\/vc_column][\/vc_row][vc_row content_width=&#8220;grid&#8220; css=&#8220;.vc_custom_1495444436671{padding-top: 40px !important;padding-bottom: 80px !important;}&#8220;][vc_column width=&#8220;1\/3&#8243;]<div class=\"edgtf-google-map-holder\">\n\t<div class=\"edgtf-google-map\" id=\"edgtf-map-1336056\" data-addresses='[\"7622 P\u00e9cs, Sikl\u00f3si \u00fat 2.\"]' data-custom-map-style=false data-color-overlay=#393939 data-saturation=-100 data-lightness=-60 data-zoom=17 data-pin=https:\/\/kertvellesy.hu\/wp-content\/themes\/ratio\/assets\/img\/pin.png data-unique-id=1336056 data-scroll-wheel=false data-height=425><\/div>\n\t\t\t<div class=\"edgtf-google-map-overlay\"><\/div>\n\t<\/div>\n[\/vc_column][vc_column width=&#8220;1\/3&#8243;][vc_column_text css=&#8220;.vc_custom_1532676532613{margin-left: 20px !important;}&#8220;]<\/p>\n<h3>rufen Sie uns an <a class=\"fd\" href=\"http:\/\/glutenfreeblueprint.com\/?p=6375\">herunterladen<\/a>!<\/h3>\n<p>Montag-Freitag 8.00-16.30<\/p>\n<p>+36 70 414 2509<br \/>\n+36 20 493 1020<\/p>\n<p><a href=\"mailto:irodavezeto@kertvellesy.hu\">irodavezeto@kertvellesy.hu<\/a><\/p>\n<p><a href=\"mailto:titkarsag@kertvellesy.hu\">titkarsag@kertvellesy.hu<\/a><\/p>\n<p>7622 P\u00e9cs, Sikl\u00f3si Str <a class=\"fd\" href=\"https:\/\/www.platypus.ch\/apps-mit-mobilen-daten-herunterladen\/\">apps mit mobilen daten herunterladen<\/a>. 2.[\/vc_column_text][\/vc_column][\/vc_row]<\/p>\n <a class=\"fd\" href=\"https:\/\/millhaus.com\/herunterladen-von-acrobat-7-und-cs2-produkten\/\">herunterladen von acrobat 7 und cs2-produkten<\/a> <a class=\"fd\" href=\"http:\/\/canergz.com\/ace-app-herunterladen\/\">ace app herunterladen<\/a>","protected":false},"excerpt":{"rendered":"<p>funny ringtones for free [vc_row content_width=&#8220;grid&#8220; content_aligment=&#8220;center&#8220; css=&#8220;.vc_custom_1492510949974{padding-top: 40px !important;padding-bottom: 40px !important;}&#8220;][vc_column][vc_column_text] Kontakt [\/vc_column_text][vc_empty_space height=&#8220;15px&#8220;][vc_single_image image=&#8220;7005&#8243; img_size=&#8220;75&#215;33&#8243; alignment=&#8220;center&#8220;][\/vc_column][\/vc_row][vc_row content_width=&#8220;grid&#8220; css=&#8220;.vc_custom_1495444436671{padding-top: 40px !important;padding-bottom: 80px !important;}&#8220;][vc_column width=&#8220;1\/3&#8243;][\/vc_column][vc_column width=&#8220;1\/3&#8243;][vc_column_text css=&#8220;.vc_custom_1532676532613{margin-left: 20px !important;}&#8220;] rufen Sie uns an herunterladen! Montag-Freitag 8.00-16.30 +36 70 414 2509 +36 20 493 1020 irodavezeto@kertvellesy.hu&#8230;<\/p>\n","protected":false},"author":2,"featured_media":0,"parent":0,"menu_order":0,"comment_status":"closed","ping_status":"closed","template":"full-width.php","meta":[],"_links":{"self":[{"href":"https:\/\/kertvellesy.hu\/de\/wp-json\/wp\/v2\/pages\/7295"}],"collection":[{"href":"https:\/\/kertvellesy.hu\/de\/wp-json\/wp\/v2\/pages"}],"about":[{"href":"https:\/\/kertvellesy.hu\/de\/wp-json\/wp\/v2\/types\/page"}],"author":[{"embeddable":true,"href":"https:\/\/kertvellesy.hu\/de\/wp-json\/wp\/v2\/users\/2"}],"replies":[{"embeddable":true,"href":"https:\/\/kertvellesy.hu\/de\/wp-json\/wp\/v2\/comments?post=7295"}],"version-history":[{"count":4,"href":"https:\/\/kertvellesy.hu\/de\/wp-json\/wp\/v2\/pages\/7295\/revisions"}],"predecessor-version":[{"id":7411,"href":"https:\/\/kertvellesy.hu\/de\/wp-json\/wp\/v2\/pages\/7295\/revisions\/7411"}],"wp:attachment":[{"href":"https:\/\/kertvellesy.hu\/de\/wp-json\/wp\/v2\/media?parent=7295"}],"curies":[{"name":"wp","href":"https:\/\/api.w.org\/{rel}","templated":true}]}}